{"id":100,"date":"2025-05-23T16:36:43","date_gmt":"2025-05-23T19:36:43","guid":{"rendered":"https:\/\/www.acdpf.com.br\/site\/?page_id=100"},"modified":"2025-05-29T14:57:24","modified_gmt":"2025-05-29T17:57:24","slug":"transparencia-e-prestacao-de-contas","status":"publish","type":"page","link":"https:\/\/www.acdpf.com.br\/site\/transparencia-e-prestacao-de-contas\/","title":{"rendered":"Transpar\u00eancia e Presta\u00e7\u00e3o de Contas"},"content":{"rendered":"<p>&nbsp;<\/p>\n<p style=\"text-align: center;\"><strong><a href=\"https:\/\/www.acdpf.com.br\/site\/wp-content\/uploads\/2025\/05\/Prestacao-de-contas-clique-para-baixar.pdf\">Presta\u00e7\u00e3o de contas &#8211; clique para baixar<\/a><\/strong><\/p>\n","protected":false},"excerpt":{"rendered":"<p>&nbsp; Presta\u00e7\u00e3o de contas &#8211; clique para baixar<\/p>\n","protected":false},"author":1,"featured_media":0,"parent":0,"menu_order":0,"comment_status":"closed","ping_status":"closed","template":"","meta":{"footnotes":""},"class_list":["post-100","page","type-page","status-publish","hentry"],"_links":{"self":[{"href":"https:\/\/www.acdpf.com.br\/site\/wp-json\/wp\/v2\/pages\/100","targetHints":{"allow":["GET"]}}],"collection":[{"href":"https:\/\/www.acdpf.com.br\/site\/wp-json\/wp\/v2\/pages"}],"about":[{"href":"https:\/\/www.acdpf.com.br\/site\/wp-json\/wp\/v2\/types\/page"}],"author":[{"embeddable":true,"href":"https:\/\/www.acdpf.com.br\/site\/wp-json\/wp\/v2\/users\/1"}],"replies":[{"embeddable":true,"href":"https:\/\/www.acdpf.com.br\/site\/wp-json\/wp\/v2\/comments?post=100"}],"version-history":[{"count":3,"href":"https:\/\/www.acdpf.com.br\/site\/wp-json\/wp\/v2\/pages\/100\/revisions"}],"predecessor-version":[{"id":262,"href":"https:\/\/www.acdpf.com.br\/site\/wp-json\/wp\/v2\/pages\/100\/revisions\/262"}],"wp:attachment":[{"href":"https:\/\/www.acdpf.com.br\/site\/wp-json\/wp\/v2\/media?parent=100"}],"curies":[{"name":"wp","href":"https:\/\/api.w.org\/{rel}","templated":true}]}}